{"id":2177,"date":"2022-10-21T15:22:49","date_gmt":"2022-10-21T20:22:49","guid":{"rendered":"https:\/\/www.isoftech.com.ec\/?page_id=2177"},"modified":"2022-10-21T15:22:49","modified_gmt":"2022-10-21T20:22:49","slug":"politicas-de-privacidad","status":"publish","type":"page","link":"https:\/\/www.isoftech.com.ec\/index.php\/politicas-de-privacidad\/","title":{"rendered":"Pol\u00edticas de Privacidad"},"content":{"rendered":"\n<p>La presente Pol\u00edtica de Privacidad establece los t\u00e9rminos en que la aplicaci\u00f3n \u201cKEA\u201d usa y protege la informaci\u00f3n proporcionada por sus usuarios durante el uso de la misma. Esta empresa est\u00e1 comprometida con la seguridad e integridad de los datos proporcionados por los usuarios, por lo tanto, por medio del presente aseguramos que la informaci\u00f3n recopilada \u00fanicamente se recopila y emplea de acuerdo a los t\u00e9rminos indicados en este documento. Sin embargo, esta Pol\u00edtica de Privacidad puede ser actualizada en cualquier momento por lo que sugerimos revisar continuamente esta p\u00e1gina para asegurarse que est\u00e1 de acuerdo con dicha actualizaci\u00f3n.<\/p>\n\n\n\n<h3 class=\"wp-block-heading\">Datos recopilados por la aplicaci\u00f3n KEA.<\/h3>\n\n\n\n<p>Para el correcto funcionamiento de la aplicaci\u00f3n KEA se recopila informaci\u00f3n de cada solicitud realizada al servidor por lo que se recopila informaci\u00f3n del dispositivo tales como: marca, modelo, sistema operativo, versi\u00f3n del sistema operativo, direcci\u00f3n ip y versi\u00f3n de la aplicaci\u00f3n instalada.<\/p>\n\n\n\n<h3 class=\"wp-block-heading\">Contacto.<\/h3>\n\n\n\n<p>En caso de tener alguna duda sobre c\u00f3mo utilizamos los datos proporcionados, realizar una queja o solicitar la informaci\u00f3n recopilada sobre su cuenta puede contactarse con nosotros enviando un correo electr\u00f3nico a: info@isoftech.com.ec<\/p>\n","protected":false},"excerpt":{"rendered":"<p>La presente Pol\u00edtica de Privacidad establece los t\u00e9rminos en que la aplicaci\u00f3n \u201cKEA\u201d usa y protege la informaci\u00f3n proporcionada por sus usuarios durante el uso de la misma. Esta empresa est\u00e1 comprometida con la seguridad e integridad de los datos proporcionados por los usuarios, por lo tanto, por medio del presente aseguramos que la informaci\u00f3n&hellip;<\/p>\n<p class=\"more-link\"><a href=\"https:\/\/www.isoftech.com.ec\/index.php\/politicas-de-privacidad\/\" class=\"themebutton2\">Leer m\u00e1s<\/a><\/p>\n","protected":false},"author":1,"featured_media":0,"parent":0,"menu_order":0,"comment_status":"closed","ping_status":"closed","template":"","meta":{"footnotes":""},"class_list":["post-2177","page","type-page","status-publish","hentry"],"yoast_head":"<!-- This site is optimized with the Yoast SEO plugin v25.5 - https:\/\/yoast.com\/wordpress\/plugins\/seo\/ -->\n<title>Pol\u00edticas de Privacidad - Isoftech<\/title>\n<meta name=\"robots\" content=\"index, follow, max-snippet:-1, max-image-preview:large, max-video-preview:-1\" \/>\n<link rel=\"canonical\" href=\"https:\/\/www.isoftech.com.ec\/index.php\/politicas-de-privacidad\/\" \/>\n<meta property=\"og:locale\" content=\"es_ES\" \/>\n<meta property=\"og:type\" content=\"article\" \/>\n<meta property=\"og:title\" content=\"Pol\u00edticas de Privacidad - Isoftech\" \/>\n<meta property=\"og:description\" content=\"La presente Pol\u00edtica de Privacidad establece los t\u00e9rminos en que la aplicaci\u00f3n \u201cKEA\u201d usa y protege la informaci\u00f3n proporcionada por sus usuarios durante el uso de la misma. Esta empresa est\u00e1 comprometida con la seguridad e integridad de los datos proporcionados por los usuarios, por lo tanto, por medio del presente aseguramos que la informaci\u00f3n&hellip;Leer m\u00e1s\" \/>\n<meta property=\"og:url\" content=\"https:\/\/www.isoftech.com.ec\/index.php\/politicas-de-privacidad\/\" \/>\n<meta property=\"og:site_name\" content=\"Isoftech\" \/>\n<meta property=\"article:publisher\" content=\"https:\/\/www.facebook.com\/IsoftechEc\/\" \/>\n<meta name=\"twitter:card\" content=\"summary_large_image\" \/>\n<meta name=\"twitter:site\" content=\"@isoftech_ec\" \/>\n<meta name=\"twitter:label1\" content=\"Tiempo de lectura\" \/>\n\t<meta name=\"twitter:data1\" content=\"1 minuto\" \/>\n<script type=\"application\/ld+json\" class=\"yoast-schema-graph\">{\"@context\":\"https:\/\/schema.org\",\"@graph\":[{\"@type\":\"WebPage\",\"@id\":\"https:\/\/www.isoftech.com.ec\/index.php\/politicas-de-privacidad\/\",\"url\":\"https:\/\/www.isoftech.com.ec\/index.php\/politicas-de-privacidad\/\",\"name\":\"Pol\u00edticas de Privacidad - Isoftech\",\"isPartOf\":{\"@id\":\"https:\/\/www.isoftech.com.ec\/#website\"},\"datePublished\":\"2022-10-21T20:22:49+00:00\",\"breadcrumb\":{\"@id\":\"https:\/\/www.isoftech.com.ec\/index.php\/politicas-de-privacidad\/#breadcrumb\"},\"inLanguage\":\"es\",\"potentialAction\":[{\"@type\":\"ReadAction\",\"target\":[\"https:\/\/www.isoftech.com.ec\/index.php\/politicas-de-privacidad\/\"]}]},{\"@type\":\"BreadcrumbList\",\"@id\":\"https:\/\/www.isoftech.com.ec\/index.php\/politicas-de-privacidad\/#breadcrumb\",\"itemListElement\":[{\"@type\":\"ListItem\",\"position\":1,\"name\":\"Portada\",\"item\":\"https:\/\/www.isoftech.com.ec\/\"},{\"@type\":\"ListItem\",\"position\":2,\"name\":\"Pol\u00edticas de Privacidad\"}]},{\"@type\":\"WebSite\",\"@id\":\"https:\/\/www.isoftech.com.ec\/#website\",\"url\":\"https:\/\/www.isoftech.com.ec\/\",\"name\":\"Isoftech\",\"description\":\"Innovaci\u00f3n, Software y Tecnolog\u00eda\",\"publisher\":{\"@id\":\"https:\/\/www.isoftech.com.ec\/#organization\"},\"potentialAction\":[{\"@type\":\"SearchAction\",\"target\":{\"@type\":\"EntryPoint\",\"urlTemplate\":\"https:\/\/www.isoftech.com.ec\/?s={search_term_string}\"},\"query-input\":{\"@type\":\"PropertyValueSpecification\",\"valueRequired\":true,\"valueName\":\"search_term_string\"}}],\"inLanguage\":\"es\"},{\"@type\":\"Organization\",\"@id\":\"https:\/\/www.isoftech.com.ec\/#organization\",\"name\":\"Isoftech\",\"url\":\"https:\/\/www.isoftech.com.ec\/\",\"logo\":{\"@type\":\"ImageObject\",\"inLanguage\":\"es\",\"@id\":\"https:\/\/www.isoftech.com.ec\/#\/schema\/logo\/image\/\",\"url\":\"https:\/\/www.isoftech.com.ec\/wp-content\/uploads\/2019\/05\/cropped-nuevo-transparente820x3122-1.png\",\"contentUrl\":\"https:\/\/www.isoftech.com.ec\/wp-content\/uploads\/2019\/05\/cropped-nuevo-transparente820x3122-1.png\",\"width\":694,\"height\":312,\"caption\":\"Isoftech\"},\"image\":{\"@id\":\"https:\/\/www.isoftech.com.ec\/#\/schema\/logo\/image\/\"},\"sameAs\":[\"https:\/\/www.facebook.com\/IsoftechEc\/\",\"https:\/\/x.com\/isoftech_ec\",\"https:\/\/www.instagram.com\/isoftech_ec\/\"]}]}<\/script>\n<!-- \/ Yoast SEO plugin. -->","yoast_head_json":{"title":"Pol\u00edticas de Privacidad - Isoftech","robots":{"index":"index","follow":"follow","max-snippet":"max-snippet:-1","max-image-preview":"max-image-preview:large","max-video-preview":"max-video-preview:-1"},"canonical":"https:\/\/www.isoftech.com.ec\/index.php\/politicas-de-privacidad\/","og_locale":"es_ES","og_type":"article","og_title":"Pol\u00edticas de Privacidad - Isoftech","og_description":"La presente Pol\u00edtica de Privacidad establece los t\u00e9rminos en que la aplicaci\u00f3n \u201cKEA\u201d usa y protege la informaci\u00f3n proporcionada por sus usuarios durante el uso de la misma. Esta empresa est\u00e1 comprometida con la seguridad e integridad de los datos proporcionados por los usuarios, por lo tanto, por medio del presente aseguramos que la informaci\u00f3n&hellip;Leer m\u00e1s","og_url":"https:\/\/www.isoftech.com.ec\/index.php\/politicas-de-privacidad\/","og_site_name":"Isoftech","article_publisher":"https:\/\/www.facebook.com\/IsoftechEc\/","twitter_card":"summary_large_image","twitter_site":"@isoftech_ec","twitter_misc":{"Tiempo de lectura":"1 minuto"},"schema":{"@context":"https:\/\/schema.org","@graph":[{"@type":"WebPage","@id":"https:\/\/www.isoftech.com.ec\/index.php\/politicas-de-privacidad\/","url":"https:\/\/www.isoftech.com.ec\/index.php\/politicas-de-privacidad\/","name":"Pol\u00edticas de Privacidad - Isoftech","isPartOf":{"@id":"https:\/\/www.isoftech.com.ec\/#website"},"datePublished":"2022-10-21T20:22:49+00:00","breadcrumb":{"@id":"https:\/\/www.isoftech.com.ec\/index.php\/politicas-de-privacidad\/#breadcrumb"},"inLanguage":"es","potentialAction":[{"@type":"ReadAction","target":["https:\/\/www.isoftech.com.ec\/index.php\/politicas-de-privacidad\/"]}]},{"@type":"BreadcrumbList","@id":"https:\/\/www.isoftech.com.ec\/index.php\/politicas-de-privacidad\/#breadcrumb","itemListElement":[{"@type":"ListItem","position":1,"name":"Portada","item":"https:\/\/www.isoftech.com.ec\/"},{"@type":"ListItem","position":2,"name":"Pol\u00edticas de Privacidad"}]},{"@type":"WebSite","@id":"https:\/\/www.isoftech.com.ec\/#website","url":"https:\/\/www.isoftech.com.ec\/","name":"Isoftech","description":"Innovaci\u00f3n, Software y Tecnolog\u00eda","publisher":{"@id":"https:\/\/www.isoftech.com.ec\/#organization"},"potentialAction":[{"@type":"SearchAction","target":{"@type":"EntryPoint","urlTemplate":"https:\/\/www.isoftech.com.ec\/?s={search_term_string}"},"query-input":{"@type":"PropertyValueSpecification","valueRequired":true,"valueName":"search_term_string"}}],"inLanguage":"es"},{"@type":"Organization","@id":"https:\/\/www.isoftech.com.ec\/#organization","name":"Isoftech","url":"https:\/\/www.isoftech.com.ec\/","logo":{"@type":"ImageObject","inLanguage":"es","@id":"https:\/\/www.isoftech.com.ec\/#\/schema\/logo\/image\/","url":"https:\/\/www.isoftech.com.ec\/wp-content\/uploads\/2019\/05\/cropped-nuevo-transparente820x3122-1.png","contentUrl":"https:\/\/www.isoftech.com.ec\/wp-content\/uploads\/2019\/05\/cropped-nuevo-transparente820x3122-1.png","width":694,"height":312,"caption":"Isoftech"},"image":{"@id":"https:\/\/www.isoftech.com.ec\/#\/schema\/logo\/image\/"},"sameAs":["https:\/\/www.facebook.com\/IsoftechEc\/","https:\/\/x.com\/isoftech_ec","https:\/\/www.instagram.com\/isoftech_ec\/"]}]}},"_links":{"self":[{"href":"https:\/\/www.isoftech.com.ec\/index.php\/wp-json\/wp\/v2\/pages\/2177","targetHints":{"allow":["GET"]}}],"collection":[{"href":"https:\/\/www.isoftech.com.ec\/index.php\/wp-json\/wp\/v2\/pages"}],"about":[{"href":"https:\/\/www.isoftech.com.ec\/index.php\/wp-json\/wp\/v2\/types\/page"}],"author":[{"embeddable":true,"href":"https:\/\/www.isoftech.com.ec\/index.php\/wp-json\/wp\/v2\/users\/1"}],"replies":[{"embeddable":true,"href":"https:\/\/www.isoftech.com.ec\/index.php\/wp-json\/wp\/v2\/comments?post=2177"}],"version-history":[{"count":2,"href":"https:\/\/www.isoftech.com.ec\/index.php\/wp-json\/wp\/v2\/pages\/2177\/revisions"}],"predecessor-version":[{"id":2179,"href":"https:\/\/www.isoftech.com.ec\/index.php\/wp-json\/wp\/v2\/pages\/2177\/revisions\/2179"}],"wp:attachment":[{"href":"https:\/\/www.isoftech.com.ec\/index.php\/wp-json\/wp\/v2\/media?parent=2177"}],"curies":[{"name":"wp","href":"https:\/\/api.w.org\/{rel}","templated":true}]}}